{"id":1718,"date":"2017-01-09T09:52:18","date_gmt":"2017-01-09T09:52:18","guid":{"rendered":"http:\/\/ximovicedo.com\/sobre-mi\/"},"modified":"2023-04-24T22:33:10","modified_gmt":"2023-04-24T22:33:10","slug":"about-me","status":"publish","type":"page","link":"https:\/\/ximovicedo.com\/en\/about-me\/","title":{"rendered":"About me"},"content":{"rendered":"[mk_page_section bg_image=&#8221;http:\/\/ximovicedo.com\/wp-content\/uploads\/2018\/06\/sobre-mi-1.jpg&#8221; bg_repeat=&#8221;no-repeat&#8221; bg_stretch=&#8221;true&#8221; enable_3d=&#8221;true&#8221; min_height=&#8221;850&#8243; js_vertical_centered=&#8221;true&#8221; padding_top=&#8221;0&#8243; padding_bottom=&#8221;0&#8243; sidebar=&#8221;sidebar-1&#8243;][vc_column][mk_fancy_title tag_name=&#8221;h4&#8243; color=&#8221;#ffffff&#8221; size=&#8221;26&#8243; force_font_size=&#8221;true&#8221; size_phone=&#8221;15&#8243; font_weight=&#8221;500&#8243; txt_transform=&#8221;none&#8221; letter_spacing=&#8221;8&#8243; margin_bottom=&#8221;10&#8243; font_family=&#8221;Montserrat&#8221; font_type=&#8221;google&#8221; align=&#8221;center&#8221;]About me[\/mk_fancy_title][mk_fancy_title tag_name=&#8221;h1&#8243; color=&#8221;#ffffff&#8221; size=&#8221;50&#8243; force_font_size=&#8221;true&#8221; size_tablet=&#8221;40&#8243; size_phone=&#8221;25&#8243; font_weight=&#8221;500&#8243; txt_transform=&#8221;none&#8221; margin_bottom=&#8221;0&#8243; font_family=&#8221;Playfair+Display&#8221; font_type=&#8221;google&#8221; align=&#8221;center&#8221;]Work, talent and effort.[\/mk_fancy_title][mk_padding_divider size=&#8221;60&#8243;][\/vc_column][\/mk_page_section][vc_row][vc_column el_class=&#8221;separador&#8221;][mk_padding_divider size=&#8221;140&#8243;][\/vc_column][\/vc_row][vc_row fullwidth=&#8221;true&#8221;][vc_column width=&#8221;1\/4&#8243;][\/vc_column][vc_column width=&#8221;1\/2&#8243;][mk_fancy_title tag_name=&#8221;h4&#8243; color=&#8221;#454545&#8243; size=&#8221;20&#8243; force_font_size=&#8221;true&#8221; size_phone=&#8221;15&#8243; font_weight=&#8221;500&#8243; txt_transform=&#8221;none&#8221; letter_spacing=&#8221;4&#8243; margin_top=&#8221;5&#8243; font_family=&#8221;Montserrat&#8221; font_type=&#8221;google&#8221; align=&#8221;center&#8221;]Ximo Vicedo[\/mk_fancy_title][mk_fancy_title color=&#8221;#454545&#8243; size=&#8221;40&#8243; force_font_size=&#8221;true&#8221; size_tablet=&#8221;40&#8243; size_phone=&#8221;25&#8243; font_weight=&#8221;500&#8243; txt_transform=&#8221;none&#8221; font_family=&#8221;Playfair+Display&#8221; font_type=&#8221;google&#8221; align=&#8221;center&#8221;]<strong>Artist Stomvi<\/strong>\u00a0y UpSound.[\/mk_fancy_title][vc_column_text disable_pattern=&#8221;false&#8221; align=&#8221;center&#8221; css=&#8221;.vc_custom_1682375587994{margin-bottom: 0px !important;}&#8221;]Passionate in his profession and committed to his work, Ximo Vicedo carries out an important interpretative and pedagogical work and is a soloist of the Orquesta Sinf\u00f3nica de Radio Televisi\u00f3n Espa\u00f1ola.<\/p>\n<p>He has been a member of the Cadaqu\u00e9s Orchestra and has collaborated with the Mahler Chamber Orchestra, Orchestra Mozart, ORF- Symphonie Orchester Wien, Luxembourg Philharmonic Orchestra under the baton of conductors such as Claudio Abbado, Daniele Gatti, Esa Pekka Salonen, Daniel Harding, Gianandrea Noseda&#8230;<\/p>\n<p>Ximo Vicedo in his facet as a soloist has played with the Orquesta Sinf\u00f3nica de RTVE, Joven Orquesta Nacional de Espa\u00f1a, Orchestre du Prix de CSMDP, Orquesta de Albacete, Banda del CSMA, Banda Municipal de Barcelona, Banda Municipal de Bilbao, Banda Municipal de Madrid, Orquesta Filarm\u00f3nica de M\u00e1laga, ADDA Sinf\u00f3nica and Euskadi Orkestra. In March 2019 he premiered &#8220;UN SUE\u00d1O MORISCO&#8221;, double Concerto for Trumpet, Trombone and Orchestra by Christian Lindberg, with the RTVE Symphony Orchestra in Madrid, a piece written and dedicated for Ximo Vicedo and Pacho Flores which was conducted by the composer.\u00a0 He has just recorded the &#8220;CONCERT FOR TROMBON AND ORCHESTRA&#8221; by Fernando Vel\u00e1zquez with the Euskadiko Orkestra and conducted by the composer himself.<\/p>\n<p>In his passion for pedagogy and teaching he is regularly invited as a teacher to different Spanish youth orchestras (JONDE, JONC, JOCAN, OJRM, JORCAM) and gives master classes and recitals in Spain, Portugal, Italy, Mexico, Lebanon, France, Poland, China, Hong Kong and Colombia. He has been a professor at the Conservatorio Superior de M\u00fasica de Arag\u00f3n from 2002 to 2013, has been part of the jury of the prestigious II International Trombone Competition of Alsace (France) and the Citt\u00e0 di Chieri Competition (Italy).<\/p>\n<p>In his concern for research and technical innovation of the instrument, Ximo is an important collaborator in the design of trombones, working hard with Vicente Honorato in the instrument factory STOMVI, acquiring knowledge of the acoustic performance of the materials used in the trombone construction process.<\/p>\n<p>His first CD as a soloist &#8220;LO SO\u00d1ADO&#8221; is the realization of many years of work, and thousands of miles walked, resulting in what is now his first solo recording production, which can be summarized as the sound of his dreams, with which he has been awarded two Silver Medals at the Global Music Awards. His repertoire is wide and his career is recognized, achieving the admiration of many composers who today create works to be interpreted by Ximo.<\/p>\n<p>He has been awarded the Premi &#8220;Ciutat de Castalla&#8221; a les Belles Arts 2013 and holds a Master&#8217;s Degree in Musical Research from the Valencia International University.<\/p>\n<p>Ximo Vicedo is a Stomvi and Upsound Artist.[\/vc_column_text][\/vc_column][vc_column width=&#8221;1\/4&#8243;][\/vc_column][\/vc_row][vc_row][vc_column el_class=&#8221;separador&#8221;][mk_padding_divider size=&#8221;140&#8243;][\/vc_column][\/vc_row][vc_row][vc_column width=&#8221;5\/12&#8243;][mk_image src=&#8221;http:\/\/ximovicedo.com\/wp-content\/uploads\/2018\/06\/sobremi-2.jpg&#8221; image_size=&#8221;full&#8221; margin_bottom=&#8221;0&#8243;][\/vc_column][vc_column width=&#8221;7\/12&#8243;][mk_image src=&#8221;http:\/\/ximovicedo.com\/wp-content\/uploads\/2018\/06\/sobre-mi-3.jpg&#8221; image_size=&#8221;full&#8221; margin_bottom=&#8221;0&#8243;][\/vc_column][\/vc_row][vc_row][vc_column el_class=&#8221;separador&#8221;][mk_padding_divider size=&#8221;100&#8243;][\/vc_column][\/vc_row]\n","protected":false},"excerpt":{"rendered":"<p>[mk_page_section bg_image=&#8221;http:\/\/ximovicedo.com\/wp-content\/uploads\/2018\/06\/sobre-mi-1.jpg&#8221; bg_repeat=&#8221;no-repeat&#8221; bg_stretch=&#8221;true&#8221; enable_3d=&#8221;true&#8221; min_height=&#8221;850&#8243; js_vertical_centered=&#8221;true&#8221; padding_top=&#8221;0&#8243; padding_bottom=&#8221;0&#8243; sidebar=&#8221;sidebar-1&#8243;][vc_column][mk_fancy_title tag_name=&#8221;h4&#8243; color=&#8221;#ffffff&#8221; size=&#8221;26&#8243; force_font_size=&#8221;true&#8221; size_phone=&#8221;15&#8243; font_weight=&#8221;500&#8243; txt_transform=&#8221;none&#8221; letter_spacing=&#8221;8&#8243; margin_bottom=&#8221;10&#8243; font_family=&#8221;Montserrat&#8221; font_type=&#8221;google&#8221; align=&#8221;center&#8221;]About me[\/mk_fancy_title][mk_fancy_title tag_name=&#8221;h1&#8243; color=&#8221;#ffffff&#8221; size=&#8221;50&#8243; force_font_size=&#8221;true&#8221; size_tablet=&#8221;40&#8243; size_phone=&#8221;25&#8243; font_weight=&#8221;500&#8243; txt_transform=&#8221;none&#8221; margin_bottom=&#8221;0&#8243; font_family=&#8221;Playfair+Display&#8221; font_type=&#8221;google&#8221; align=&#8221;center&#8221;]Work, talent and effort.[\/mk_fancy_title][mk_padding_divider size=&#8221;60&#8243;][\/vc_column][\/mk_page_section][vc_row][vc_column el_class=&#8221;separador&#8221;][mk_padding_divider size=&#8221;140&#8243;][\/vc_column][\/vc_row][vc_row fullwidth=&#8221;true&#8221;][vc_column width=&#8221;1\/4&#8243;][\/vc_column][vc_column width=&#8221;1\/2&#8243;][mk_fancy_title tag_name=&#8221;h4&#8243; color=&#8221;#454545&#8243; size=&#8221;20&#8243; force_font_size=&#8221;true&#8221; size_phone=&#8221;15&#8243; font_weight=&#8221;500&#8243; txt_transform=&#8221;none&#8221; letter_spacing=&#8221;4&#8243; margin_top=&#8221;5&#8243; font_family=&#8221;Montserrat&#8221; font_type=&#8221;google&#8221; [&hellip;]<\/p>\n","protected":false},"author":1024,"featured_media":0,"parent":0,"menu_order":0,"comment_status":"closed","ping_status":"closed","template":"","meta":{"footnotes":""},"class_list":["post-1718","page","type-page","status-publish","hentry"],"yoast_head":"<!-- This site is optimized with the Yoast SEO plugin v27.4 - https:\/\/yoast.com\/product\/yoast-seo-wordpress\/ -->\n<title>About me - Ximo Vicedo<\/title>\n<meta name=\"robots\" content=\"index, follow, max-snippet:-1, max-image-preview:large, max-video-preview:-1\" \/>\n<link rel=\"canonical\" href=\"https:\/\/ximovicedo.com\/en\/about-me\/\" \/>\n<meta property=\"og:locale\" content=\"en_US\" \/>\n<meta property=\"og:type\" content=\"article\" \/>\n<meta property=\"og:title\" content=\"About me - Ximo Vicedo\" \/>\n<meta property=\"og:description\" content=\"[mk_page_section bg_image=&#8221;http:\/\/ximovicedo.com\/wp-content\/uploads\/2018\/06\/sobre-mi-1.jpg&#8221; bg_repeat=&#8221;no-repeat&#8221; bg_stretch=&#8221;true&#8221; enable_3d=&#8221;true&#8221; min_height=&#8221;850&#8243; js_vertical_centered=&#8221;true&#8221; padding_top=&#8221;0&#8243; padding_bottom=&#8221;0&#8243; sidebar=&#8221;sidebar-1&#8243;][vc_column][mk_fancy_title tag_name=&#8221;h4&#8243; color=&#8221;#ffffff&#8221; size=&#8221;26&#8243; force_font_size=&#8221;true&#8221; size_phone=&#8221;15&#8243; font_weight=&#8221;500&#8243; txt_transform=&#8221;none&#8221; letter_spacing=&#8221;8&#8243; margin_bottom=&#8221;10&#8243; font_family=&#8221;Montserrat&#8221; font_type=&#8221;google&#8221; align=&#8221;center&#8221;]About me[\/mk_fancy_title][mk_fancy_title tag_name=&#8221;h1&#8243; color=&#8221;#ffffff&#8221; size=&#8221;50&#8243; force_font_size=&#8221;true&#8221; size_tablet=&#8221;40&#8243; size_phone=&#8221;25&#8243; font_weight=&#8221;500&#8243; txt_transform=&#8221;none&#8221; margin_bottom=&#8221;0&#8243; font_family=&#8221;Playfair+Display&#8221; font_type=&#8221;google&#8221; align=&#8221;center&#8221;]Work, talent and effort.[\/mk_fancy_title][mk_padding_divider size=&#8221;60&#8243;][\/vc_column][\/mk_page_section][vc_row][vc_column el_class=&#8221;separador&#8221;][mk_padding_divider size=&#8221;140&#8243;][\/vc_column][\/vc_row][vc_row fullwidth=&#8221;true&#8221;][vc_column width=&#8221;1\/4&#8243;][\/vc_column][vc_column width=&#8221;1\/2&#8243;][mk_fancy_title tag_name=&#8221;h4&#8243; color=&#8221;#454545&#8243; size=&#8221;20&#8243; force_font_size=&#8221;true&#8221; size_phone=&#8221;15&#8243; font_weight=&#8221;500&#8243; txt_transform=&#8221;none&#8221; letter_spacing=&#8221;4&#8243; margin_top=&#8221;5&#8243; font_family=&#8221;Montserrat&#8221; font_type=&#8221;google&#8221; [&hellip;]\" \/>\n<meta property=\"og:url\" content=\"https:\/\/ximovicedo.com\/en\/about-me\/\" \/>\n<meta property=\"og:site_name\" content=\"Ximo Vicedo\" \/>\n<meta property=\"article:modified_time\" content=\"2023-04-24T22:33:10+00:00\" \/>\n<meta name=\"twitter:label1\" content=\"Est. reading time\" \/>\n\t<meta name=\"twitter:data1\" content=\"2 minutes\" \/>\n<script type=\"application\/ld+json\" class=\"yoast-schema-graph\">{\"@context\":\"https:\\\/\\\/schema.org\",\"@graph\":[{\"@type\":\"WebPage\",\"@id\":\"https:\\\/\\\/ximovicedo.com\\\/en\\\/about-me\\\/\",\"url\":\"https:\\\/\\\/ximovicedo.com\\\/en\\\/about-me\\\/\",\"name\":\"About me - Ximo Vicedo\",\"isPartOf\":{\"@id\":\"https:\\\/\\\/ximovicedo.com\\\/#website\"},\"datePublished\":\"2017-01-09T09:52:18+00:00\",\"dateModified\":\"2023-04-24T22:33:10+00:00\",\"breadcrumb\":{\"@id\":\"https:\\\/\\\/ximovicedo.com\\\/en\\\/about-me\\\/#breadcrumb\"},\"inLanguage\":\"en-US\",\"potentialAction\":[{\"@type\":\"ReadAction\",\"target\":[\"https:\\\/\\\/ximovicedo.com\\\/en\\\/about-me\\\/\"]}]},{\"@type\":\"BreadcrumbList\",\"@id\":\"https:\\\/\\\/ximovicedo.com\\\/en\\\/about-me\\\/#breadcrumb\",\"itemListElement\":[{\"@type\":\"ListItem\",\"position\":1,\"name\":\"Portada\",\"item\":\"https:\\\/\\\/ximovicedo.com\\\/en\\\/\"},{\"@type\":\"ListItem\",\"position\":2,\"name\":\"About me\"}]},{\"@type\":\"WebSite\",\"@id\":\"https:\\\/\\\/ximovicedo.com\\\/#website\",\"url\":\"https:\\\/\\\/ximovicedo.com\\\/\",\"name\":\"Ximo Vicedo\",\"description\":\"Trombonista profesional\",\"potentialAction\":[{\"@type\":\"SearchAction\",\"target\":{\"@type\":\"EntryPoint\",\"urlTemplate\":\"https:\\\/\\\/ximovicedo.com\\\/?s={search_term_string}\"},\"query-input\":{\"@type\":\"PropertyValueSpecification\",\"valueRequired\":true,\"valueName\":\"search_term_string\"}}],\"inLanguage\":\"en-US\"}]}<\/script>\n<!-- \/ Yoast SEO plugin. -->","yoast_head_json":{"title":"About me - Ximo Vicedo","robots":{"index":"index","follow":"follow","max-snippet":"max-snippet:-1","max-image-preview":"max-image-preview:large","max-video-preview":"max-video-preview:-1"},"canonical":"https:\/\/ximovicedo.com\/en\/about-me\/","og_locale":"en_US","og_type":"article","og_title":"About me - Ximo Vicedo","og_description":"[mk_page_section bg_image=&#8221;http:\/\/ximovicedo.com\/wp-content\/uploads\/2018\/06\/sobre-mi-1.jpg&#8221; bg_repeat=&#8221;no-repeat&#8221; bg_stretch=&#8221;true&#8221; enable_3d=&#8221;true&#8221; min_height=&#8221;850&#8243; js_vertical_centered=&#8221;true&#8221; padding_top=&#8221;0&#8243; padding_bottom=&#8221;0&#8243; sidebar=&#8221;sidebar-1&#8243;][vc_column][mk_fancy_title tag_name=&#8221;h4&#8243; color=&#8221;#ffffff&#8221; size=&#8221;26&#8243; force_font_size=&#8221;true&#8221; size_phone=&#8221;15&#8243; font_weight=&#8221;500&#8243; txt_transform=&#8221;none&#8221; letter_spacing=&#8221;8&#8243; margin_bottom=&#8221;10&#8243; font_family=&#8221;Montserrat&#8221; font_type=&#8221;google&#8221; align=&#8221;center&#8221;]About me[\/mk_fancy_title][mk_fancy_title tag_name=&#8221;h1&#8243; color=&#8221;#ffffff&#8221; size=&#8221;50&#8243; force_font_size=&#8221;true&#8221; size_tablet=&#8221;40&#8243; size_phone=&#8221;25&#8243; font_weight=&#8221;500&#8243; txt_transform=&#8221;none&#8221; margin_bottom=&#8221;0&#8243; font_family=&#8221;Playfair+Display&#8221; font_type=&#8221;google&#8221; align=&#8221;center&#8221;]Work, talent and effort.[\/mk_fancy_title][mk_padding_divider size=&#8221;60&#8243;][\/vc_column][\/mk_page_section][vc_row][vc_column el_class=&#8221;separador&#8221;][mk_padding_divider size=&#8221;140&#8243;][\/vc_column][\/vc_row][vc_row fullwidth=&#8221;true&#8221;][vc_column width=&#8221;1\/4&#8243;][\/vc_column][vc_column width=&#8221;1\/2&#8243;][mk_fancy_title tag_name=&#8221;h4&#8243; color=&#8221;#454545&#8243; size=&#8221;20&#8243; force_font_size=&#8221;true&#8221; size_phone=&#8221;15&#8243; font_weight=&#8221;500&#8243; txt_transform=&#8221;none&#8221; letter_spacing=&#8221;4&#8243; margin_top=&#8221;5&#8243; font_family=&#8221;Montserrat&#8221; font_type=&#8221;google&#8221; [&hellip;]","og_url":"https:\/\/ximovicedo.com\/en\/about-me\/","og_site_name":"Ximo Vicedo","article_modified_time":"2023-04-24T22:33:10+00:00","twitter_misc":{"Est. reading time":"2 minutes"},"schema":{"@context":"https:\/\/schema.org","@graph":[{"@type":"WebPage","@id":"https:\/\/ximovicedo.com\/en\/about-me\/","url":"https:\/\/ximovicedo.com\/en\/about-me\/","name":"About me - Ximo Vicedo","isPartOf":{"@id":"https:\/\/ximovicedo.com\/#website"},"datePublished":"2017-01-09T09:52:18+00:00","dateModified":"2023-04-24T22:33:10+00:00","breadcrumb":{"@id":"https:\/\/ximovicedo.com\/en\/about-me\/#breadcrumb"},"inLanguage":"en-US","potentialAction":[{"@type":"ReadAction","target":["https:\/\/ximovicedo.com\/en\/about-me\/"]}]},{"@type":"BreadcrumbList","@id":"https:\/\/ximovicedo.com\/en\/about-me\/#breadcrumb","itemListElement":[{"@type":"ListItem","position":1,"name":"Portada","item":"https:\/\/ximovicedo.com\/en\/"},{"@type":"ListItem","position":2,"name":"About me"}]},{"@type":"WebSite","@id":"https:\/\/ximovicedo.com\/#website","url":"https:\/\/ximovicedo.com\/","name":"Ximo Vicedo","description":"Trombonista profesional","potentialAction":[{"@type":"SearchAction","target":{"@type":"EntryPoint","urlTemplate":"https:\/\/ximovicedo.com\/?s={search_term_string}"},"query-input":{"@type":"PropertyValueSpecification","valueRequired":true,"valueName":"search_term_string"}}],"inLanguage":"en-US"}]}},"_links":{"self":[{"href":"https:\/\/ximovicedo.com\/en\/wp-json\/wp\/v2\/pages\/1718","targetHints":{"allow":["GET"]}}],"collection":[{"href":"https:\/\/ximovicedo.com\/en\/wp-json\/wp\/v2\/pages"}],"about":[{"href":"https:\/\/ximovicedo.com\/en\/wp-json\/wp\/v2\/types\/page"}],"author":[{"embeddable":true,"href":"https:\/\/ximovicedo.com\/en\/wp-json\/wp\/v2\/users\/1024"}],"replies":[{"embeddable":true,"href":"https:\/\/ximovicedo.com\/en\/wp-json\/wp\/v2\/comments?post=1718"}],"version-history":[{"count":0,"href":"https:\/\/ximovicedo.com\/en\/wp-json\/wp\/v2\/pages\/1718\/revisions"}],"wp:attachment":[{"href":"https:\/\/ximovicedo.com\/en\/wp-json\/wp\/v2\/media?parent=1718"}],"curies":[{"name":"wp","href":"https:\/\/api.w.org\/{rel}","templated":true}]}}