{"id":1720,"date":"2018-06-29T21:44:14","date_gmt":"2018-06-29T21:44:14","guid":{"rendered":"http:\/\/ximovicedo.com\/politicas-de-cookies\/"},"modified":"2018-09-25T09:34:26","modified_gmt":"2018-09-25T09:34:26","slug":"cookies","status":"publish","type":"page","link":"https:\/\/ximovicedo.com\/en\/cookies\/","title":{"rendered":"Cookies"},"content":{"rendered":"[vc_row css=&#8221;.vc_custom_1537867288343{margin-top: 50px !important;}&#8221;][vc_column width=&#8221;1\/6&#8243;][\/vc_column][vc_column width=&#8221;2\/3&#8243;][vc_custom_heading text=&#8221;Cookies&#8221; font_container=&#8221;tag:h2|text_align:center|color:%230a0a0a&#8221; use_theme_fonts=&#8221;yes&#8221;][vc_column_text css=&#8221;.vc_custom_1537867395556{margin-bottom: 0px !important;}&#8221;]La Ley 34\/2002 de Servicios de la Sociedad de la Informaci\u00f3n y Comercio Electr\u00f3nico (LSSI-CE), obliga a todos los que tengan un blog o una web a advertir al usuario de la existencia de cookies, informar sobre ellas y requerirle permiso para descargarlas. Esa es la funci\u00f3n del aviso de Cookies que te aparece cuando navegas por primera vez por la web de XIMO VICEDO.<\/p>\n<p>No siempre es posible contar con informaci\u00f3n actualizada de las cookies que terceras partes puedan utilizar a trav\u00e9s de este sitio web.<\/p>\n<p>Por consiguiente, en caso de que te encuentres con este tipo de cookies en este sitio web y no est\u00e9n enumeradas en la lista siguiente, te informo de la importancia de comunic\u00e1rmelo. Tambi\u00e9n puedes ponerte en contacto directamente con el tercero para pedirle informaci\u00f3n sobre las cookies que coloca, la finalidad y la duraci\u00f3n de la cookie, y c\u00f3mo ha garantizado su privacidad.<\/p>\n<p>\u00bfC\u00f3mo podemos clasificar las cookies?<\/p>\n<p>Seg\u00fan su finalidad:<\/p>\n<p>Cookies t\u00e9cnicas: Las cookies t\u00e9cnicas son aquellas imprescindibles y estrictamente necesarias para el correcto funcionamiento de un portal Web y la utilizaci\u00f3n de las diferentes opciones y servicios que ofrece. Por ejemplo, las que sirven para el mantenimiento de la sesi\u00f3n, la gesti\u00f3n del tiempo de respuesta, rendimiento o validaci\u00f3n de opciones, utilizar elementos de seguridad, compartir contenido con redes sociales, etc.<\/p>\n<p>Cookies de personalizaci\u00f3n: Estas cookies permiten al usuario especificar o personalizar algunas caracter\u00edsticas de las opciones generales de la p\u00e1gina Web, Por ejemplo, definir el idioma, configuraci\u00f3n regional o tipo de navegador.<\/p>\n<p>Cookies anal\u00edticas: Las cookies anal\u00edticas son las utilizadas por nuestros portales Web, para elaborar perfiles de navegaci\u00f3n y poder conocer las preferencias de los usuarios del mismo con el fin de mejorar la oferta de productos y servicios. Por ejemplo, mediante una cookie anal\u00edtica se controlar\u00edan las \u00e1reas geogr\u00e1ficas de mayor inter\u00e9s de un usuario, cu\u00e1l es el producto de m\u00e1s aceptaci\u00f3n, etc.<\/p>\n<p>Cookies publicitarias \/ de publicidad: Las cookies publicitarias permiten la gesti\u00f3n de los espacios publicitarios en base a criterios concretos. Por ejemplo la frecuencia de acceso, el contenido editado, etc. Las cookies de publicidad permiten a trav\u00e9s de la gesti\u00f3n de la publicidad almacenar informaci\u00f3n del comportamiento a trav\u00e9s de la observaci\u00f3n de h\u00e1bitos, estudiando los accesos y formando un perfil de preferencias del usuario, para ofrecerle publicidad relacionada con los intereses de su perfil.<\/p>\n<p>Seg\u00fan plazo:<\/p>\n<p>Cookies de sesi\u00f3n: Las cookies de sesi\u00f3n son aquellas que duran el tiempo que el usuario est\u00e1 navegando por la p\u00e1gina Web y se borran al t\u00e9rmino.<\/p>\n<p>Cookies persistentes: Estas cookies quedan almacenadas en el terminal del usuario, por un tiempo m\u00e1s largo, facilitando as\u00ed el control de las preferencias elegidas sin tener que repetir ciertos par\u00e1metros cada vez que se visite el sitio Web.<\/p>\n<p>LAS COOKIES QUE UTILIZA ESTA WEB<\/p>\n<p>En esta web se utilizan cookies propias y de terceros para conseguir que tengas una mejor experiencia de navegaci\u00f3n, puedas compartir contenido en redes sociales, para mostrarte anuncios en funci\u00f3n a tus intereses y para obtener estad\u00edsticas de usuarios.<\/p>\n<p>Como usuario, puedes rechazar el tratamiento de los datos o la informaci\u00f3n bloqueando estas cookies mediante la configuraci\u00f3n apropiada de tu navegador. Sin embargo, debes saber que, si lo haces, este sitio no funcione adecuadamente.<\/p>\n<p>Seg\u00fan los t\u00e9rminos incluidos en el art\u00edculo 22.2 de la Ley 34\/2002 de Servicios de la Sociedad de la Informaci\u00f3n y Comercio Electr\u00f3nico, si contin\u00faas navegando, estar\u00e1s prestando tu consentimiento para el empleo de las cookies que detallo a continuaci\u00f3n.<\/p>\n<p>Las cookies de esta web ayudan a:<\/p>\n<p>Hacer que esta web funcione correctamente<br \/>\nAhorrarle el tener que iniciar sesi\u00f3n cada vez que visitas este sitio<br \/>\nRecordarte tus ajustes durante y entre las visitas<br \/>\nPermitirte visualizar videos<br \/>\nMejorar la velocidad \/ seguridad del sitio<br \/>\nQue pueda compartir p\u00e1ginas con redes sociales<br \/>\nMejorar continuamente de este sitio web<br \/>\nMostrarte anuncios en funci\u00f3n de tus h\u00e1bitos de navegaci\u00f3n<br \/>\nNo utilizaremos jam\u00e1s cookies para:<\/p>\n<p>Recoger informaci\u00f3n de identificaci\u00f3n personal (sin tu permiso expreso)<br \/>\nRecoger informaci\u00f3n sensible (sin tu permiso expreso)<br \/>\nCompartir datos de identificaci\u00f3n personal a terceros<br \/>\nCOOKIES DE TERCEROS QUE UTILIZAMOS EN ESTA WEB<\/p>\n<p>Esta web, como la mayor\u00eda de sitios web, incluye funcionalidades proporcionadas por terceros.<\/p>\n<p>Tambi\u00e9n se ponen a prueba regularmente nuevos dise\u00f1os o servicios de terceros para recomendaciones e informes. Esto puede modificar ocasionalmente la configuraci\u00f3n de cookies y que aparezcan cookies no detalladas en la presente pol\u00edtica. Es importante que sepas que son cookies provisionales que no siempre es posible informar y que solo tienen finalidades de estudio y valoraci\u00f3n. En ning\u00fan caso se van a utilizar cookies que comprometan tu privacidad.<\/p>\n<p>Entre las cookies de terceros m\u00e1s estables est\u00e1n:<\/p>\n<p>Cookies de Google<\/p>\n<p>Las generadas por servicios de an\u00e1lisis, concretamente, Google Analytics para ayudar al website a analizar el uso que hacen los Usuarios del sitio web y mejorar la usabilidad del mismo, pero en ning\u00fan caso se asocian a datos que pudieran llegar a identificar al usuario.<\/p>\n<p>Google Analytics, es un servicio anal\u00edtico de web prestado por Google, Inc., una compa\u00f1\u00eda de Delaware cuya oficina principal est\u00e1 en 1600 Amphitheatre Parkway, Mountain View (California), CA 94043, Estados Unidos (\u201cGoogle\u201d). El usuario puede consultar aqu\u00ed el tipo de cookies utilizadas por Google. Cookie de Google+ y Google Maps, seg\u00fan lo dispuesto en su p\u00e1gina sobre qu\u00e9 tipo de cookies utilizan.<\/p>\n<p>Seguimiento de Google Adwords: Utilizamos seguimiento de conversiones de Google AdWords. El seguimiento de conversiones es una herramienta gratuita que indica lo que sucede despu\u00e9s de que un cliente haga clic en los anuncios, tanto si ha comprado un producto como si se ha suscrito a su bolet\u00edn informativo. Estas cookies expiran a los 30 d\u00edas y no contienen informaci\u00f3n que pueda identificarte personalmente.<\/p>\n<p>Para obtener m\u00e1s informaci\u00f3n acerca de seguimiento de conversiones de Google y la pol\u00edtica de privacidad.<\/p>\n<p>Cookies de redes sociales: Las Cookies de redes sociales pueden almacenarse en su navegador mientras navega por XIMO VICEDO; por ejemplo, cuando utiliza el bot\u00f3n de compartir contenidos de XIMO VICEDO en alguna red social.<\/p>\n<p>Las empresas que generan estas cookies correspondientes a las redes sociales que utiliza esta web tienen sus propias pol\u00edticas de cookies:<\/p>\n<p>Cookie de Twitter, seg\u00fan lo dispuesto en su pol\u00edtica de privacidad y uso de cookies.<br \/>\nCookie de Facebook, seg\u00fan lo dispuesto en su Pol\u00edtica de Cookies.<br \/>\nLISTADO DE COOKIES<\/p>\n<p>_ga<\/p>\n<p>Google Analytics tracking cookie<\/p>\n<p>Tipo: HTTP Cookie<\/p>\n<p>Dominio: ximovicedo.com<\/p>\n<p>Expira en 730 d\u00edas.<\/p>\n<p>Finalidad: Cookie fijada por analytics.js; librer\u00eda JavaScript propiedad de Google. La librer\u00eda analytics.js forma parte de Google Universal Analytics y utiliza esta cookie de origen que contiene un identificador an\u00f3nimo usado para distinguir usuarios.<\/p>\n<p>_gid<\/p>\n<p>Google Analytics tracking cookie<\/p>\n<p>Tipo: HTTP Cookie<\/p>\n<p>Dominio: ximovicedo.com<\/p>\n<p>Expira en un d\u00eda.<\/p>\n<p>Finalidad: Cookie fijada por analytics.js; librer\u00eda JavaScript propiedad de Google. La librer\u00eda analytics.js forma parte de Google Universal Analytics y utiliza esta cookie de origen que contiene un identificador an\u00f3nimo usado para distinguir idiomas.<\/p>\n<p>_gat_gtag<\/p>\n<p>Google Analytics tracking cookie<\/p>\n<p>Tipo: HTTP Cookie<\/p>\n<p>Dominio: ximovicedo.com<\/p>\n<p>V\u00e1lida solo durante la actual sesi\u00f3n del navegador, ser\u00e1 borrada cuando cierres el navegador.<\/p>\n<p>Finalidad: Cookie fijada por analytics.js; librer\u00eda JavaScript propiedad de Google. La librer\u00eda analytics.js forma parte de Google Universal Analytics y utiliza esta cookie de origen que contiene un identificador para diferenciar entre los diferentes objetos de seguimiento creados en la sesi\u00f3n.<\/p>\n<p>fr<\/p>\n<p>Facebook tracking cookie<\/p>\n<p>Tipo: HTTP Cookie<\/p>\n<p>Dominio: ximovicedo.com<\/p>\n<p>Expira en 90 d\u00eda.<\/p>\n<p>Finalidad: Facebook utiliza esta Cookie para hacer seguimiento de tu visita a esta p\u00e1gina.<\/p>\n<p>C\u00d3MO GESTIONAR Y DESACTIVAR ESTAS COOKIES<\/p>\n<p>Si no deseas que los sitios web pongan ninguna cookie en tu equipo, puedes adaptar la configuraci\u00f3n del navegador de modo que se te notifique antes de que se descargue ninguna cookie. De igual modo, puedes adaptar la configuraci\u00f3n de forma que el navegador rechace todas las cookies, o \u00fanicamente las cookies de terceros. Tambi\u00e9n puedes eliminar cualquiera de las cookies que ya se encuentren en tu equipo. Ten en cuenta que tendr\u00e1s que adaptar por separado la configuraci\u00f3n de cada navegador y equipo que utilices.[\/vc_column_text][\/vc_column][vc_column width=&#8221;1\/6&#8243;][\/vc_column][\/vc_row]\n","protected":false},"excerpt":{"rendered":"<p>[vc_row css=&#8221;.vc_custom_1537867288343{margin-top: 50px !important;}&#8221;][vc_column width=&#8221;1\/6&#8243;][\/vc_column][vc_column width=&#8221;2\/3&#8243;][vc_custom_heading text=&#8221;Cookies&#8221; font_container=&#8221;tag:h2|text_align:center|color:%230a0a0a&#8221; use_theme_fonts=&#8221;yes&#8221;][vc_column_text css=&#8221;.vc_custom_1537867395556{margin-bottom: 0px !important;}&#8221;]La Ley 34\/2002 de Servicios de la Sociedad de la Informaci\u00f3n y Comercio Electr\u00f3nico (LSSI-CE), obliga a todos los que tengan un blog o una web a advertir al usuario de la existencia de cookies, informar sobre ellas y requerirle permiso para descargarlas. Esa [&hellip;]<\/p>\n","protected":false},"author":1,"featured_media":0,"parent":0,"menu_order":0,"comment_status":"closed","ping_status":"closed","template":"","meta":{"footnotes":""},"class_list":["post-1720","page","type-page","status-publish","hentry"],"yoast_head":"<!-- This site is optimized with the Yoast SEO plugin v27.3 - https:\/\/yoast.com\/product\/yoast-seo-wordpress\/ -->\n<title>Cookies - Ximo Vicedo<\/title>\n<meta name=\"robots\" content=\"index, follow, max-snippet:-1, max-image-preview:large, max-video-preview:-1\" \/>\n<link rel=\"canonical\" href=\"https:\/\/ximovicedo.com\/en\/cookies\/\" \/>\n<meta property=\"og:locale\" content=\"en_US\" \/>\n<meta property=\"og:type\" content=\"article\" \/>\n<meta property=\"og:title\" content=\"Cookies - Ximo Vicedo\" \/>\n<meta property=\"og:description\" content=\"[vc_row css=&#8221;.vc_custom_1537867288343{margin-top: 50px !important;}&#8221;][vc_column width=&#8221;1\/6&#8243;][\/vc_column][vc_column width=&#8221;2\/3&#8243;][vc_custom_heading text=&#8221;Cookies&#8221; font_container=&#8221;tag:h2|text_align:center|color:%230a0a0a&#8221; use_theme_fonts=&#8221;yes&#8221;][vc_column_text css=&#8221;.vc_custom_1537867395556{margin-bottom: 0px !important;}&#8221;]La Ley 34\/2002 de Servicios de la Sociedad de la Informaci\u00f3n y Comercio Electr\u00f3nico (LSSI-CE), obliga a todos los que tengan un blog o una web a advertir al usuario de la existencia de cookies, informar sobre ellas y requerirle permiso para descargarlas. Esa [&hellip;]\" \/>\n<meta property=\"og:url\" content=\"https:\/\/ximovicedo.com\/en\/cookies\/\" \/>\n<meta property=\"og:site_name\" content=\"Ximo Vicedo\" \/>\n<meta property=\"article:modified_time\" content=\"2018-09-25T09:34:26+00:00\" \/>\n<meta name=\"twitter:label1\" content=\"Est. reading time\" \/>\n\t<meta name=\"twitter:data1\" content=\"8 minutes\" \/>\n<script type=\"application\/ld+json\" class=\"yoast-schema-graph\">{\"@context\":\"https:\\\/\\\/schema.org\",\"@graph\":[{\"@type\":\"WebPage\",\"@id\":\"https:\\\/\\\/ximovicedo.com\\\/en\\\/cookies\\\/\",\"url\":\"https:\\\/\\\/ximovicedo.com\\\/en\\\/cookies\\\/\",\"name\":\"Cookies - Ximo Vicedo\",\"isPartOf\":{\"@id\":\"https:\\\/\\\/ximovicedo.com\\\/#website\"},\"datePublished\":\"2018-06-29T21:44:14+00:00\",\"dateModified\":\"2018-09-25T09:34:26+00:00\",\"breadcrumb\":{\"@id\":\"https:\\\/\\\/ximovicedo.com\\\/en\\\/cookies\\\/#breadcrumb\"},\"inLanguage\":\"en-US\",\"potentialAction\":[{\"@type\":\"ReadAction\",\"target\":[\"https:\\\/\\\/ximovicedo.com\\\/en\\\/cookies\\\/\"]}]},{\"@type\":\"BreadcrumbList\",\"@id\":\"https:\\\/\\\/ximovicedo.com\\\/en\\\/cookies\\\/#breadcrumb\",\"itemListElement\":[{\"@type\":\"ListItem\",\"position\":1,\"name\":\"Portada\",\"item\":\"https:\\\/\\\/ximovicedo.com\\\/en\\\/\"},{\"@type\":\"ListItem\",\"position\":2,\"name\":\"Cookies\"}]},{\"@type\":\"WebSite\",\"@id\":\"https:\\\/\\\/ximovicedo.com\\\/#website\",\"url\":\"https:\\\/\\\/ximovicedo.com\\\/\",\"name\":\"Ximo Vicedo\",\"description\":\"Trombonista profesional\",\"potentialAction\":[{\"@type\":\"SearchAction\",\"target\":{\"@type\":\"EntryPoint\",\"urlTemplate\":\"https:\\\/\\\/ximovicedo.com\\\/?s={search_term_string}\"},\"query-input\":{\"@type\":\"PropertyValueSpecification\",\"valueRequired\":true,\"valueName\":\"search_term_string\"}}],\"inLanguage\":\"en-US\"}]}<\/script>\n<!-- \/ Yoast SEO plugin. -->","yoast_head_json":{"title":"Cookies - Ximo Vicedo","robots":{"index":"index","follow":"follow","max-snippet":"max-snippet:-1","max-image-preview":"max-image-preview:large","max-video-preview":"max-video-preview:-1"},"canonical":"https:\/\/ximovicedo.com\/en\/cookies\/","og_locale":"en_US","og_type":"article","og_title":"Cookies - Ximo Vicedo","og_description":"[vc_row css=&#8221;.vc_custom_1537867288343{margin-top: 50px !important;}&#8221;][vc_column width=&#8221;1\/6&#8243;][\/vc_column][vc_column width=&#8221;2\/3&#8243;][vc_custom_heading text=&#8221;Cookies&#8221; font_container=&#8221;tag:h2|text_align:center|color:%230a0a0a&#8221; use_theme_fonts=&#8221;yes&#8221;][vc_column_text css=&#8221;.vc_custom_1537867395556{margin-bottom: 0px !important;}&#8221;]La Ley 34\/2002 de Servicios de la Sociedad de la Informaci\u00f3n y Comercio Electr\u00f3nico (LSSI-CE), obliga a todos los que tengan un blog o una web a advertir al usuario de la existencia de cookies, informar sobre ellas y requerirle permiso para descargarlas. Esa [&hellip;]","og_url":"https:\/\/ximovicedo.com\/en\/cookies\/","og_site_name":"Ximo Vicedo","article_modified_time":"2018-09-25T09:34:26+00:00","twitter_misc":{"Est. reading time":"8 minutes"},"schema":{"@context":"https:\/\/schema.org","@graph":[{"@type":"WebPage","@id":"https:\/\/ximovicedo.com\/en\/cookies\/","url":"https:\/\/ximovicedo.com\/en\/cookies\/","name":"Cookies - Ximo Vicedo","isPartOf":{"@id":"https:\/\/ximovicedo.com\/#website"},"datePublished":"2018-06-29T21:44:14+00:00","dateModified":"2018-09-25T09:34:26+00:00","breadcrumb":{"@id":"https:\/\/ximovicedo.com\/en\/cookies\/#breadcrumb"},"inLanguage":"en-US","potentialAction":[{"@type":"ReadAction","target":["https:\/\/ximovicedo.com\/en\/cookies\/"]}]},{"@type":"BreadcrumbList","@id":"https:\/\/ximovicedo.com\/en\/cookies\/#breadcrumb","itemListElement":[{"@type":"ListItem","position":1,"name":"Portada","item":"https:\/\/ximovicedo.com\/en\/"},{"@type":"ListItem","position":2,"name":"Cookies"}]},{"@type":"WebSite","@id":"https:\/\/ximovicedo.com\/#website","url":"https:\/\/ximovicedo.com\/","name":"Ximo Vicedo","description":"Trombonista profesional","potentialAction":[{"@type":"SearchAction","target":{"@type":"EntryPoint","urlTemplate":"https:\/\/ximovicedo.com\/?s={search_term_string}"},"query-input":{"@type":"PropertyValueSpecification","valueRequired":true,"valueName":"search_term_string"}}],"inLanguage":"en-US"}]}},"_links":{"self":[{"href":"https:\/\/ximovicedo.com\/en\/wp-json\/wp\/v2\/pages\/1720","targetHints":{"allow":["GET"]}}],"collection":[{"href":"https:\/\/ximovicedo.com\/en\/wp-json\/wp\/v2\/pages"}],"about":[{"href":"https:\/\/ximovicedo.com\/en\/wp-json\/wp\/v2\/types\/page"}],"author":[{"embeddable":true,"href":"https:\/\/ximovicedo.com\/en\/wp-json\/wp\/v2\/users\/1"}],"replies":[{"embeddable":true,"href":"https:\/\/ximovicedo.com\/en\/wp-json\/wp\/v2\/comments?post=1720"}],"version-history":[{"count":0,"href":"https:\/\/ximovicedo.com\/en\/wp-json\/wp\/v2\/pages\/1720\/revisions"}],"wp:attachment":[{"href":"https:\/\/ximovicedo.com\/en\/wp-json\/wp\/v2\/media?parent=1720"}],"curies":[{"name":"wp","href":"https:\/\/api.w.org\/{rel}","templated":true}]}}